{"id":539,"date":"2025-11-24T17:50:58","date_gmt":"2025-11-24T14:50:58","guid":{"rendered":"https:\/\/baharhindi.com\/new2025\/in-the-press-we\/"},"modified":"2025-12-15T12:35:47","modified_gmt":"2025-12-15T09:35:47","slug":"in-the-press-we","status":"publish","type":"page","link":"https:\/\/baharhindi.com\/en\/in-the-press-we\/","title":{"rendered":"In The Press We"},"content":{"rendered":"\t\t<div data-elementor-type=\"wp-page\" data-elementor-id=\"539\" class=\"elementor elementor-539 elementor-239\" data-elementor-post-type=\"page\">\n\t\t\t\t\t\t<section class=\"elementor-section elementor-top-section elementor-element elementor-element-395d2a4e elementor-section-boxed elementor-section-height-default elementor-section-height-default\" data-id=\"395d2a4e\" data-element_type=\"section\" data-settings=\"{&quot;background_background&quot;:&quot;classic&quot;}\">\n\t\t\t\t\t\t\t<div class=\"elementor-background-overlay\"><\/div>\n\t\t\t\t\t\t\t<div class=\"elementor-container elementor-column-gap-default\">\n\t\t\t\t\t<div class=\"elementor-column elementor-col-100 elementor-top-column elementor-element elementor-element-111867e0\" data-id=\"111867e0\" data-element_type=\"column\">\n\t\t\t<div class=\"elementor-widget-wrap elementor-element-populated\">\n\t\t\t\t\t\t<div class=\"elementor-element elementor-element-441f6d03 elementor-widget elementor-widget-heading\" data-id=\"441f6d03\" data-element_type=\"widget\" data-widget_type=\"heading.default\">\n\t\t\t\t\t<h3 class=\"elementor-heading-title elementor-size-default\">In The Press We<\/h3>\t\t\t\t<\/div>\n\t\t\t\t<div class=\"elementor-element elementor-element-4aa58d55 elementor-icon-list--layout-inline elementor-list-item-link-full_width elementor-widget elementor-widget-icon-list\" data-id=\"4aa58d55\" data-element_type=\"widget\" data-widget_type=\"icon-list.default\">\n\t\t\t\t\t\t\t<ul class=\"elementor-icon-list-items elementor-inline-items\">\n\t\t\t\t\t\t\t<li class=\"elementor-icon-list-item elementor-inline-item\">\n\t\t\t\t\t\t\t\t\t\t\t<a href=\"#\">\n\n\t\t\t\t\t\t\t\t\t\t\t<span class=\"elementor-icon-list-text\">Homepage<\/span>\n\t\t\t\t\t\t\t\t\t\t\t<\/a>\n\t\t\t\t\t\t\t\t\t<\/li>\n\t\t\t\t\t\t\t\t<li class=\"elementor-icon-list-item elementor-inline-item\">\n\t\t\t\t\t\t\t\t\t\t\t<a href=\"#\">\n\n\t\t\t\t\t\t\t\t\t\t\t<span class=\"elementor-icon-list-text\">In The Press We<\/span>\n\t\t\t\t\t\t\t\t\t\t\t<\/a>\n\t\t\t\t\t\t\t\t\t<\/li>\n\t\t\t\t\t\t<\/ul>\n\t\t\t\t\t\t<\/div>\n\t\t\t\t\t<\/div>\n\t\t<\/div>\n\t\t\t\t\t<\/div>\n\t\t<\/section>\n\t\t<div class=\"elementor-element elementor-element-3f5512a e-flex e-con-boxed e-con e-parent\" data-id=\"3f5512a\" data-element_type=\"container\">\n\t\t\t\t\t<div class=\"e-con-inner\">\n\t\t\t\t<div class=\"elementor-element elementor-element-7808de4 elementor-widget elementor-widget-gallery\" data-id=\"7808de4\" data-element_type=\"widget\" data-settings=\"{&quot;gallery_layout&quot;:&quot;justified&quot;,&quot;ideal_row_height&quot;:{&quot;unit&quot;:&quot;px&quot;,&quot;size&quot;:270,&quot;sizes&quot;:[]},&quot;ideal_row_height_tablet&quot;:{&quot;unit&quot;:&quot;px&quot;,&quot;size&quot;:150,&quot;sizes&quot;:[]},&quot;ideal_row_height_mobile&quot;:{&quot;unit&quot;:&quot;px&quot;,&quot;size&quot;:150,&quot;sizes&quot;:[]},&quot;gap&quot;:{&quot;unit&quot;:&quot;px&quot;,&quot;size&quot;:10,&quot;sizes&quot;:[]},&quot;gap_tablet&quot;:{&quot;unit&quot;:&quot;px&quot;,&quot;size&quot;:10,&quot;sizes&quot;:[]},&quot;gap_mobile&quot;:{&quot;unit&quot;:&quot;px&quot;,&quot;size&quot;:10,&quot;sizes&quot;:[]},&quot;link_to&quot;:&quot;file&quot;,&quot;overlay_background&quot;:&quot;yes&quot;,&quot;content_hover_animation&quot;:&quot;fade-in&quot;}\" data-widget_type=\"gallery.default\">\n\t\t\t\t\t\t\t<div class=\"elementor-gallery__container\">\n\t\t\t\t\t\t\t<a class=\"e-gallery-item elementor-gallery-item elementor-animated-content\" href=\"https:\/\/baharhindi.com\/wp-content\/uploads\/2025\/11\/2017011812013343-korkutelimanset201612306-652x1024-1.jpg\" data-elementor-open-lightbox=\"yes\" data-elementor-lightbox-slideshow=\"7808de4\" data-elementor-lightbox-title=\"2017011812013343-korkutelimanset201612306-652x1024\" data-e-action-hash=\"#elementor-action%3Aaction%3Dlightbox%26settings%3DeyJpZCI6NTI2LCJ1cmwiOiJodHRwczpcL1wvYmFoYXJoaW5kaS5jb21cL3dwLWNvbnRlbnRcL3VwbG9hZHNcLzIwMjVcLzExXC8yMDE3MDExODEyMDEzMzQzLWtvcmt1dGVsaW1hbnNldDIwMTYxMjMwNi02NTJ4MTAyNC0xLmpwZyIsInNsaWRlc2hvdyI6Ijc4MDhkZTQifQ%3D%3D\">\n\t\t\t\t\t<div class=\"e-gallery-image elementor-gallery-item__image\" data-thumbnail=\"https:\/\/baharhindi.com\/wp-content\/uploads\/2025\/11\/2017011812013343-korkutelimanset201612306-652x1024-1.jpg\" data-width=\"652\" data-height=\"1024\" aria-label=\"\" role=\"img\" ><\/div>\n\t\t\t\t\t\t\t\t\t\t\t<div class=\"elementor-gallery-item__overlay\"><\/div>\n\t\t\t\t\t\t\t\t\t\t\t\t\t\t<\/a>\n\t\t\t\t\t\t\t<a class=\"e-gallery-item elementor-gallery-item elementor-animated-content\" href=\"https:\/\/baharhindi.com\/wp-content\/uploads\/2025\/11\/2017011811543166-akdeniz-yeniyuzyil-861x1024-1.jpg\" data-elementor-open-lightbox=\"yes\" data-elementor-lightbox-slideshow=\"7808de4\" data-elementor-lightbox-title=\"2017011811543166-akdeniz-yeniyuzyil-861x1024\" data-e-action-hash=\"#elementor-action%3Aaction%3Dlightbox%26settings%3DeyJpZCI6NTI3LCJ1cmwiOiJodHRwczpcL1wvYmFoYXJoaW5kaS5jb21cL3dwLWNvbnRlbnRcL3VwbG9hZHNcLzIwMjVcLzExXC8yMDE3MDExODExNTQzMTY2LWFrZGVuaXoteWVuaXl1enlpbC04NjF4MTAyNC0xLmpwZyIsInNsaWRlc2hvdyI6Ijc4MDhkZTQifQ%3D%3D\">\n\t\t\t\t\t<div class=\"e-gallery-image elementor-gallery-item__image\" data-thumbnail=\"https:\/\/baharhindi.com\/wp-content\/uploads\/2025\/11\/2017011811543166-akdeniz-yeniyuzyil-861x1024-1.jpg\" data-width=\"861\" data-height=\"1024\" aria-label=\"\" role=\"img\" ><\/div>\n\t\t\t\t\t\t\t\t\t\t\t<div class=\"elementor-gallery-item__overlay\"><\/div>\n\t\t\t\t\t\t\t\t\t\t\t\t\t\t<\/a>\n\t\t\t\t\t\t\t<a class=\"e-gallery-item elementor-gallery-item elementor-animated-content\" href=\"https:\/\/baharhindi.com\/wp-content\/uploads\/2025\/11\/2017011811552623-antalya-gundem-1024x360-1.jpg\" data-elementor-open-lightbox=\"yes\" data-elementor-lightbox-slideshow=\"7808de4\" data-elementor-lightbox-title=\"2017011811552623-antalya-gundem-1024x360\" data-e-action-hash=\"#elementor-action%3Aaction%3Dlightbox%26settings%3DeyJpZCI6NTI4LCJ1cmwiOiJodHRwczpcL1wvYmFoYXJoaW5kaS5jb21cL3dwLWNvbnRlbnRcL3VwbG9hZHNcLzIwMjVcLzExXC8yMDE3MDExODExNTUyNjIzLWFudGFseWEtZ3VuZGVtLTEwMjR4MzYwLTEuanBnIiwic2xpZGVzaG93IjoiNzgwOGRlNCJ9\">\n\t\t\t\t\t<div class=\"e-gallery-image elementor-gallery-item__image\" data-thumbnail=\"https:\/\/baharhindi.com\/wp-content\/uploads\/2025\/11\/2017011811552623-antalya-gundem-1024x360-1.jpg\" data-width=\"1024\" data-height=\"360\" aria-label=\"\" role=\"img\" ><\/div>\n\t\t\t\t\t\t\t\t\t\t\t<div class=\"elementor-gallery-item__overlay\"><\/div>\n\t\t\t\t\t\t\t\t\t\t\t\t\t\t<\/a>\n\t\t\t\t\t\t\t<a class=\"e-gallery-item elementor-gallery-item elementor-animated-content\" href=\"https:\/\/baharhindi.com\/wp-content\/uploads\/2025\/11\/2017010212153822-aw40501402.jpg\" data-elementor-open-lightbox=\"yes\" data-elementor-lightbox-slideshow=\"7808de4\" data-elementor-lightbox-title=\"OSB, KATILIMCILARININ \u0130ST\u0130HDAM SORUNUNU \u00c7\u00d6Z\u00dcYOR\" data-e-action-hash=\"#elementor-action%3Aaction%3Dlightbox%26settings%3DeyJpZCI6NTI5LCJ1cmwiOiJodHRwczpcL1wvYmFoYXJoaW5kaS5jb21cL3dwLWNvbnRlbnRcL3VwbG9hZHNcLzIwMjVcLzExXC8yMDE3MDEwMjEyMTUzODIyLWF3NDA1MDE0MDIuanBnIiwic2xpZGVzaG93IjoiNzgwOGRlNCJ9\">\n\t\t\t\t\t<div class=\"e-gallery-image elementor-gallery-item__image\" data-thumbnail=\"https:\/\/baharhindi.com\/wp-content\/uploads\/2025\/11\/2017010212153822-aw40501402.jpg\" data-width=\"670\" data-height=\"445\" aria-label=\"\" role=\"img\" ><\/div>\n\t\t\t\t\t\t\t\t\t\t\t<div class=\"elementor-gallery-item__overlay\"><\/div>\n\t\t\t\t\t\t\t\t\t\t\t\t\t\t<\/a>\n\t\t\t\t\t\t\t<a class=\"e-gallery-item elementor-gallery-item elementor-animated-content\" href=\"https:\/\/baharhindi.com\/wp-content\/uploads\/2025\/11\/2017011811532774-akdeniz-manset-1024x670-1.jpg\" data-elementor-open-lightbox=\"yes\" data-elementor-lightbox-slideshow=\"7808de4\" data-elementor-lightbox-title=\"2017011811532774-akdeniz-manset-1024x670\" data-e-action-hash=\"#elementor-action%3Aaction%3Dlightbox%26settings%3DeyJpZCI6NTMwLCJ1cmwiOiJodHRwczpcL1wvYmFoYXJoaW5kaS5jb21cL3dwLWNvbnRlbnRcL3VwbG9hZHNcLzIwMjVcLzExXC8yMDE3MDExODExNTMyNzc0LWFrZGVuaXotbWFuc2V0LTEwMjR4NjcwLTEuanBnIiwic2xpZGVzaG93IjoiNzgwOGRlNCJ9\">\n\t\t\t\t\t<div class=\"e-gallery-image elementor-gallery-item__image\" data-thumbnail=\"https:\/\/baharhindi.com\/wp-content\/uploads\/2025\/11\/2017011811532774-akdeniz-manset-1024x670-1.jpg\" data-width=\"1024\" data-height=\"670\" aria-label=\"\" role=\"img\" ><\/div>\n\t\t\t\t\t\t\t\t\t\t\t<div class=\"elementor-gallery-item__overlay\"><\/div>\n\t\t\t\t\t\t\t\t\t\t\t\t\t\t<\/a>\n\t\t\t\t\t\t\t<a class=\"e-gallery-item elementor-gallery-item elementor-animated-content\" href=\"https:\/\/baharhindi.com\/wp-content\/uploads\/2025\/11\/2017011811564134-antalya-korfez.jpg\" data-elementor-open-lightbox=\"yes\" data-elementor-lightbox-slideshow=\"7808de4\" data-elementor-lightbox-title=\"2017011811564134-antalya-korfez\" data-e-action-hash=\"#elementor-action%3Aaction%3Dlightbox%26settings%3DeyJpZCI6NTMxLCJ1cmwiOiJodHRwczpcL1wvYmFoYXJoaW5kaS5jb21cL3dwLWNvbnRlbnRcL3VwbG9hZHNcLzIwMjVcLzExXC8yMDE3MDExODExNTY0MTM0LWFudGFseWEta29yZmV6LmpwZyIsInNsaWRlc2hvdyI6Ijc4MDhkZTQifQ%3D%3D\">\n\t\t\t\t\t<div class=\"e-gallery-image elementor-gallery-item__image\" data-thumbnail=\"https:\/\/baharhindi.com\/wp-content\/uploads\/2025\/11\/2017011811564134-antalya-korfez.jpg\" data-width=\"789\" data-height=\"571\" aria-label=\"\" role=\"img\" ><\/div>\n\t\t\t\t\t\t\t\t\t\t\t<div class=\"elementor-gallery-item__overlay\"><\/div>\n\t\t\t\t\t\t\t\t\t\t\t\t\t\t<\/a>\n\t\t\t\t\t\t\t<a class=\"e-gallery-item elementor-gallery-item elementor-animated-content\" href=\"https:\/\/baharhindi.com\/wp-content\/uploads\/2025\/11\/2017010212140752-30c1778642a506dbd803a0fa5ece533epeg-1.jpg\" data-elementor-open-lightbox=\"yes\" data-elementor-lightbox-slideshow=\"7808de4\" data-elementor-lightbox-title=\"2017010212140752-30c1778642a506dbd803a0fa5ece533epeg (1)\" data-e-action-hash=\"#elementor-action%3Aaction%3Dlightbox%26settings%3DeyJpZCI6NTMyLCJ1cmwiOiJodHRwczpcL1wvYmFoYXJoaW5kaS5jb21cL3dwLWNvbnRlbnRcL3VwbG9hZHNcLzIwMjVcLzExXC8yMDE3MDEwMjEyMTQwNzUyLTMwYzE3Nzg2NDJhNTA2ZGJkODAzYTBmYTVlY2U1MzNlcGVnLTEuanBnIiwic2xpZGVzaG93IjoiNzgwOGRlNCJ9\">\n\t\t\t\t\t<div class=\"e-gallery-image elementor-gallery-item__image\" data-thumbnail=\"https:\/\/baharhindi.com\/wp-content\/uploads\/2025\/11\/2017010212140752-30c1778642a506dbd803a0fa5ece533epeg-1.jpg\" data-width=\"542\" data-height=\"290\" aria-label=\"\" role=\"img\" ><\/div>\n\t\t\t\t\t\t\t\t\t\t\t<div class=\"elementor-gallery-item__overlay\"><\/div>\n\t\t\t\t\t\t\t\t\t\t\t\t\t\t<\/a>\n\t\t\t\t\t\t\t<a class=\"e-gallery-item elementor-gallery-item elementor-animated-content\" href=\"https:\/\/baharhindi.com\/wp-content\/uploads\/2025\/11\/2017011811112476-dunya-gazetesi.jpg\" data-elementor-open-lightbox=\"yes\" data-elementor-lightbox-slideshow=\"7808de4\" data-elementor-lightbox-title=\"2017011811112476-dunya-gazetesi\" data-e-action-hash=\"#elementor-action%3Aaction%3Dlightbox%26settings%3DeyJpZCI6NTMzLCJ1cmwiOiJodHRwczpcL1wvYmFoYXJoaW5kaS5jb21cL3dwLWNvbnRlbnRcL3VwbG9hZHNcLzIwMjVcLzExXC8yMDE3MDExODExMTEyNDc2LWR1bnlhLWdhemV0ZXNpLmpwZyIsInNsaWRlc2hvdyI6Ijc4MDhkZTQifQ%3D%3D\">\n\t\t\t\t\t<div class=\"e-gallery-image elementor-gallery-item__image\" data-thumbnail=\"https:\/\/baharhindi.com\/wp-content\/uploads\/2025\/11\/2017011811112476-dunya-gazetesi.jpg\" data-width=\"635\" data-height=\"960\" aria-label=\"\" role=\"img\" ><\/div>\n\t\t\t\t\t\t\t\t\t\t\t<div class=\"elementor-gallery-item__overlay\"><\/div>\n\t\t\t\t\t\t\t\t\t\t\t\t\t\t<\/a>\n\t\t\t\t\t\t\t<a class=\"e-gallery-item elementor-gallery-item elementor-animated-content\" href=\"https:\/\/baharhindi.com\/wp-content\/uploads\/2025\/11\/2017011811593391-antalyasonhaber201612306-1024x865-1.jpg\" data-elementor-open-lightbox=\"yes\" data-elementor-lightbox-slideshow=\"7808de4\" data-elementor-lightbox-title=\"2017011811593391-antalyasonhaber201612306-1024x865\" data-e-action-hash=\"#elementor-action%3Aaction%3Dlightbox%26settings%3DeyJpZCI6NTM0LCJ1cmwiOiJodHRwczpcL1wvYmFoYXJoaW5kaS5jb21cL3dwLWNvbnRlbnRcL3VwbG9hZHNcLzIwMjVcLzExXC8yMDE3MDExODExNTkzMzkxLWFudGFseWFzb25oYWJlcjIwMTYxMjMwNi0xMDI0eDg2NS0xLmpwZyIsInNsaWRlc2hvdyI6Ijc4MDhkZTQifQ%3D%3D\">\n\t\t\t\t\t<div class=\"e-gallery-image elementor-gallery-item__image\" data-thumbnail=\"https:\/\/baharhindi.com\/wp-content\/uploads\/2025\/11\/2017011811593391-antalyasonhaber201612306-1024x865-1.jpg\" data-width=\"1024\" data-height=\"865\" aria-label=\"\" role=\"img\" ><\/div>\n\t\t\t\t\t\t\t\t\t\t\t<div class=\"elementor-gallery-item__overlay\"><\/div>\n\t\t\t\t\t\t\t\t\t\t\t\t\t\t<\/a>\n\t\t\t\t\t\t\t<a class=\"e-gallery-item elementor-gallery-item elementor-animated-content\" href=\"https:\/\/baharhindi.com\/wp-content\/uploads\/2025\/11\/WhatsApp-Image-2021-09-28-at-11.34.36.jpeg\" data-elementor-open-lightbox=\"yes\" data-elementor-lightbox-slideshow=\"7808de4\" data-elementor-lightbox-title=\"WhatsApp-Image-2021-09-28-at-11.34.36\" data-e-action-hash=\"#elementor-action%3Aaction%3Dlightbox%26settings%3DeyJpZCI6NTM1LCJ1cmwiOiJodHRwczpcL1wvYmFoYXJoaW5kaS5jb21cL3dwLWNvbnRlbnRcL3VwbG9hZHNcLzIwMjVcLzExXC9XaGF0c0FwcC1JbWFnZS0yMDIxLTA5LTI4LWF0LTExLjM0LjM2LmpwZWciLCJzbGlkZXNob3ciOiI3ODA4ZGU0In0%3D\">\n\t\t\t\t\t<div class=\"e-gallery-image elementor-gallery-item__image\" data-thumbnail=\"https:\/\/baharhindi.com\/wp-content\/uploads\/2025\/11\/WhatsApp-Image-2021-09-28-at-11.34.36.jpeg\" data-width=\"1024\" data-height=\"768\" aria-label=\"\" role=\"img\" ><\/div>\n\t\t\t\t\t\t\t\t\t\t\t<div class=\"elementor-gallery-item__overlay\"><\/div>\n\t\t\t\t\t\t\t\t\t\t\t\t\t\t<\/a>\n\t\t\t\t\t\t\t<a class=\"e-gallery-item elementor-gallery-item elementor-animated-content\" href=\"https:\/\/baharhindi.com\/wp-content\/uploads\/2025\/11\/WhatsApp-Image-2021-09-28-at-11.34.33.jpeg\" data-elementor-open-lightbox=\"yes\" data-elementor-lightbox-slideshow=\"7808de4\" data-elementor-lightbox-title=\"WhatsApp-Image-2021-09-28-at-11.34.33\" data-e-action-hash=\"#elementor-action%3Aaction%3Dlightbox%26settings%3DeyJpZCI6NTM2LCJ1cmwiOiJodHRwczpcL1wvYmFoYXJoaW5kaS5jb21cL3dwLWNvbnRlbnRcL3VwbG9hZHNcLzIwMjVcLzExXC9XaGF0c0FwcC1JbWFnZS0yMDIxLTA5LTI4LWF0LTExLjM0LjMzLmpwZWciLCJzbGlkZXNob3ciOiI3ODA4ZGU0In0%3D\">\n\t\t\t\t\t<div class=\"e-gallery-image elementor-gallery-item__image\" data-thumbnail=\"https:\/\/baharhindi.com\/wp-content\/uploads\/2025\/11\/WhatsApp-Image-2021-09-28-at-11.34.33.jpeg\" data-width=\"768\" data-height=\"1024\" aria-label=\"\" role=\"img\" ><\/div>\n\t\t\t\t\t\t\t\t\t\t\t<div class=\"elementor-gallery-item__overlay\"><\/div>\n\t\t\t\t\t\t\t\t\t\t\t\t\t\t<\/a>\n\t\t\t\t\t\t\t<a class=\"e-gallery-item elementor-gallery-item elementor-animated-content\" href=\"https:\/\/baharhindi.com\/wp-content\/uploads\/2025\/11\/2017011812002387-ileri201612304-1024x659-1.jpg\" data-elementor-open-lightbox=\"yes\" data-elementor-lightbox-slideshow=\"7808de4\" data-elementor-lightbox-title=\"2017011812002387-ileri201612304-1024x659\" data-e-action-hash=\"#elementor-action%3Aaction%3Dlightbox%26settings%3DeyJpZCI6NTM3LCJ1cmwiOiJodHRwczpcL1wvYmFoYXJoaW5kaS5jb21cL3dwLWNvbnRlbnRcL3VwbG9hZHNcLzIwMjVcLzExXC8yMDE3MDExODEyMDAyMzg3LWlsZXJpMjAxNjEyMzA0LTEwMjR4NjU5LTEuanBnIiwic2xpZGVzaG93IjoiNzgwOGRlNCJ9\">\n\t\t\t\t\t<div class=\"e-gallery-image elementor-gallery-item__image\" data-thumbnail=\"https:\/\/baharhindi.com\/wp-content\/uploads\/2025\/11\/2017011812002387-ileri201612304-1024x659-1.jpg\" data-width=\"1024\" data-height=\"659\" aria-label=\"\" role=\"img\" ><\/div>\n\t\t\t\t\t\t\t\t\t\t\t<div class=\"elementor-gallery-item__overlay\"><\/div>\n\t\t\t\t\t\t\t\t\t\t\t\t\t\t<\/a>\n\t\t\t\t\t\t\t<a class=\"e-gallery-item elementor-gallery-item elementor-animated-content\" href=\"https:\/\/baharhindi.com\/wp-content\/uploads\/2025\/11\/2017010410333384-aosbolgngnl-1.jpg\" data-elementor-open-lightbox=\"yes\" data-elementor-lightbox-slideshow=\"7808de4\" data-elementor-lightbox-title=\"2017010410333384-aosbolgngnl (1)\" data-e-action-hash=\"#elementor-action%3Aaction%3Dlightbox%26settings%3DeyJpZCI6NTM4LCJ1cmwiOiJodHRwczpcL1wvYmFoYXJoaW5kaS5jb21cL3dwLWNvbnRlbnRcL3VwbG9hZHNcLzIwMjVcLzExXC8yMDE3MDEwNDEwMzMzMzg0LWFvc2JvbGduZ25sLTEuanBnIiwic2xpZGVzaG93IjoiNzgwOGRlNCJ9\">\n\t\t\t\t\t<div class=\"e-gallery-image elementor-gallery-item__image\" data-thumbnail=\"https:\/\/baharhindi.com\/wp-content\/uploads\/2025\/11\/2017010410333384-aosbolgngnl-1.jpg\" data-width=\"640\" data-height=\"360\" aria-label=\"\" role=\"img\" ><\/div>\n\t\t\t\t\t\t\t\t\t\t\t<div class=\"elementor-gallery-item__overlay\"><\/div>\n\t\t\t\t\t\t\t\t\t\t\t\t\t\t<\/a>\n\t\t\t\t\t<\/div>\n\t\t\t\t\t<\/div>\n\t\t\t\t\t<\/div>\n\t\t\t\t<\/div>\n\t\t\t\t<\/div>\n\t\t","protected":false},"excerpt":{"rendered":"<p>In The Press We Homepage In The Press We<\/p>\n","protected":false},"author":1,"featured_media":0,"parent":0,"menu_order":0,"comment_status":"closed","ping_status":"closed","template":"elementor_header_footer","meta":{"footnotes":""},"class_list":["post-539","page","type-page","status-publish","hentry"],"_links":{"self":[{"href":"https:\/\/baharhindi.com\/en\/wp-json\/wp\/v2\/pages\/539","targetHints":{"allow":["GET"]}}],"collection":[{"href":"https:\/\/baharhindi.com\/en\/wp-json\/wp\/v2\/pages"}],"about":[{"href":"https:\/\/baharhindi.com\/en\/wp-json\/wp\/v2\/types\/page"}],"author":[{"embeddable":true,"href":"https:\/\/baharhindi.com\/en\/wp-json\/wp\/v2\/users\/1"}],"replies":[{"embeddable":true,"href":"https:\/\/baharhindi.com\/en\/wp-json\/wp\/v2\/comments?post=539"}],"version-history":[{"count":1,"href":"https:\/\/baharhindi.com\/en\/wp-json\/wp\/v2\/pages\/539\/revisions"}],"predecessor-version":[{"id":540,"href":"https:\/\/baharhindi.com\/en\/wp-json\/wp\/v2\/pages\/539\/revisions\/540"}],"wp:attachment":[{"href":"https:\/\/baharhindi.com\/en\/wp-json\/wp\/v2\/media?parent=539"}],"curies":[{"name":"wp","href":"https:\/\/api.w.org\/{rel}","templated":true}]}}